{"id":2351,"date":"2015-11-19T18:36:33","date_gmt":"2015-11-19T16:36:33","guid":{"rendered":"http:\/\/dnx.es\/dnx\/?page_id=2351"},"modified":"2024-05-10T14:43:35","modified_gmt":"2024-05-10T12:43:35","slug":"como-2","status":"publish","type":"page","link":"https:\/\/dnx.es\/dnx\/como-2\/","title":{"rendered":"\u00bfC\u00d3MO?"},"content":{"rendered":"<p><img loading=\"lazy\" decoding=\"async\" class=\"aligncenter size-full wp-image-3197\" src=\"http:\/\/dnx.es\/dnx\/wp-content\/uploads\/2015\/11\/Como.jpg\" alt=\"\u00bfC\u00f3mo?\" width=\"370\" height=\"144\" srcset=\"https:\/\/dnx.es\/dnx\/wp-content\/uploads\/2015\/11\/Como.jpg 370w, https:\/\/dnx.es\/dnx\/wp-content\/uploads\/2015\/11\/Como-300x117.jpg 300w\" sizes=\"(max-width: 370px) 100vw, 370px\" \/><div class=\"spacer\"><\/div><!-- .spacer (end) -->\n<h4 style=\"text-align: center;\"><span style=\"color: #1c9e16;\">CON EMPAT\u00cdA, COMUNICACI\u00d3N, CONFIANZA, PLANIFICACI\u00d3N, TRABAJO E INTEGRIDAD<\/span><\/h4>\n<div class=\"spacer\"><\/div><!-- .spacer (end) --><div class=\"spacer\"><\/div><!-- .spacer (end) -->\n<p>Empat\u00eda, para ponernos en tu lugar, y con nuestros conocimientos sobre tecnolog\u00eda, colaborar contigo para conseguir que tu empresa\u00a0sea\u00a0m\u00e1s \u00e1gil, eficiente y rentable.<\/p>\n<p>Comunicaci\u00f3n, escuchando con atenci\u00f3n tus necesidades y explic\u00e1ndote en un lenguaje com\u00fan, qu\u00e9 tecnolog\u00edas puedes aplicar para satisfacerlas.<\/p>\n<p>Confianza, esencial en cualquier relaci\u00f3n humana. Hablamos claro con nuestros clientes, sin rodeos ni dobleces.\u00a0Valoramos tu tiempo.<\/p>\n<p style=\"text-align: justify;\">Planificaci\u00f3n, imprescindible para acometer cualquier\u00a0empresa con garant\u00edas.<\/p>\n<p style=\"text-align: justify;\">Trabajo, no puede ser de otra forma, y adem\u00e1s, tenemos la suerte de que nos apasiona.<\/p>\n<p style=\"text-align: justify;\">Integridad, para que puedas estar totalmente tranquilo con\u00a0la seguridad de tu informaci\u00f3n, de tu empresa.<\/p>\n<p style=\"text-align: justify;\">Esos son nuestros valores como personas, como profesionales\u00a0y como empresa.<\/p>\n<p style=\"text-align: justify;\">As\u00ed de claro, as\u00ed de simple.<\/p>\n<div class=\"spacer\"><\/div><!-- .spacer (end) --><div class=\"spacer\"><\/div><!-- .spacer (end) -->\n","protected":false},"excerpt":{"rendered":"<p>CON EMPAT\u00cdA, COMUNICACI\u00d3N, CONFIANZA, PLANIFICACI\u00d3N, TRABAJO E INTEGRIDAD Empat\u00eda, para ponernos en tu lugar, y con nuestros conocimientos sobre tecnolog\u00eda, colaborar contigo para conseguir que tu empresa\u00a0sea\u00a0m\u00e1s \u00e1gil, eficiente y rentable. Comunicaci\u00f3n, escuchando con atenci\u00f3n tus necesidades y explic\u00e1ndote en un lenguaje com\u00fan, qu\u00e9 tecnolog\u00edas puedes aplicar para satisfacerlas. Confianza, esencial en cualquier relaci\u00f3n humana. Hablamos claro con nuestros clientes,&nbsp;<a href=\"https:\/\/dnx.es\/dnx\/como-2\/\" class=\"read-more\">Seguir leyendo<\/a><\/p>\n","protected":false},"author":2,"featured_media":0,"parent":0,"menu_order":0,"comment_status":"closed","ping_status":"closed","template":"page-fullwidth.php","meta":{"footnotes":""},"_links":{"self":[{"href":"https:\/\/dnx.es\/dnx\/wp-json\/wp\/v2\/pages\/2351"}],"collection":[{"href":"https:\/\/dnx.es\/dnx\/wp-json\/wp\/v2\/pages"}],"about":[{"href":"https:\/\/dnx.es\/dnx\/wp-json\/wp\/v2\/types\/page"}],"author":[{"embeddable":true,"href":"https:\/\/dnx.es\/dnx\/wp-json\/wp\/v2\/users\/2"}],"replies":[{"embeddable":true,"href":"https:\/\/dnx.es\/dnx\/wp-json\/wp\/v2\/comments?post=2351"}],"version-history":[{"count":18,"href":"https:\/\/dnx.es\/dnx\/wp-json\/wp\/v2\/pages\/2351\/revisions"}],"predecessor-version":[{"id":3293,"href":"https:\/\/dnx.es\/dnx\/wp-json\/wp\/v2\/pages\/2351\/revisions\/3293"}],"wp:attachment":[{"href":"https:\/\/dnx.es\/dnx\/wp-json\/wp\/v2\/media?parent=2351"}],"curies":[{"name":"wp","href":"https:\/\/api.w.org\/{rel}","templated":true}]}}