{"id":2316,"date":"2015-11-19T13:32:55","date_gmt":"2015-11-19T13:32:55","guid":{"rendered":"http:\/\/dnx.es\/dnx\/?page_id=2316"},"modified":"2016-02-05T11:45:36","modified_gmt":"2016-02-05T09:45:36","slug":"para-quien","status":"publish","type":"page","link":"https:\/\/dnx.es\/dnx\/para-quien\/","title":{"rendered":"\u00bfPARA QUI\u00c9N?"},"content":{"rendered":"<p style=\"text-align: justify;\"><img loading=\"lazy\" decoding=\"async\" class=\"aligncenter size-full wp-image-3181\" src=\"http:\/\/dnx.es\/dnx\/wp-content\/uploads\/2015\/11\/Para-Quien.jpg\" alt=\"\u00bfPara Qui\u00e9n?\" width=\"370\" height=\"144\" srcset=\"https:\/\/dnx.es\/dnx\/wp-content\/uploads\/2015\/11\/Para-Quien.jpg 370w, https:\/\/dnx.es\/dnx\/wp-content\/uploads\/2015\/11\/Para-Quien-300x117.jpg 300w\" sizes=\"(max-width: 370px) 100vw, 370px\" \/><div class=\"spacer\"><\/div><!-- .spacer (end) -->\n<h4 style=\"text-align: justify;\"><span style=\"color: #1c9e16;\">PARA PYMES, PROFESIONALES\u00a0Y USUARIOS RESIDENCIALES DE ALTO NIVEL<div class=\"spacer\"><\/div><!-- .spacer (end) --><\/span><\/h4>\n<p style=\"text-align: justify;\">Para la gran mayor\u00eda de las PYMES, Profesionales y Usuarios Residenciales de Alto Nivel, disponer de un departamento de inform\u00e1tica en plantilla, es un coste muy dif\u00edcil de asumir.<\/p>\n<p style=\"text-align: justify;\">En DNX, te ofrecemos la posibilidad de ser tu departamento de inform\u00e1tica, externo, flexible, con el coste adecuado a la utilizaci\u00f3n que hagas del mismo.<\/p>\n<p style=\"text-align: justify;\">Con los mismos tiempos de respuesta que si estuvi\u00e9ramos en el despacho de al lado, y con la experiencia y los conocimientos actualizados, que nos da colaborar con empresas y profesionales\u00a0en muchos sectores\u00a0productivos.<\/p>\n<p style=\"text-align: justify;\">Si tu empresa dispone de un departamento de inform\u00e1tica propio, no te preocupes, no somos su competencia, podemos ser una\u00a0gran ayuda.<\/p>\n<p style=\"text-align: justify;\">Podemos servirles de apoyo, para emprender modificaciones o actualizaciones en el sistema o para un pico de trabajo puntual, y que ellos sigan con su trabajo diario.<\/p>\n<p style=\"text-align: justify;\"><div class=\"spacer\"><\/div><!-- .spacer (end) --><div class=\"spacer\"><\/div><!-- .spacer (end) -->\n","protected":false},"excerpt":{"rendered":"<p>PARA PYMES, PROFESIONALES\u00a0Y USUARIOS RESIDENCIALES DE ALTO NIVEL Para la gran mayor\u00eda de las PYMES, Profesionales y Usuarios Residenciales de Alto Nivel, disponer de un departamento de inform\u00e1tica en plantilla, es un coste muy dif\u00edcil de asumir. En DNX, te ofrecemos la posibilidad de ser tu departamento de inform\u00e1tica, externo, flexible, con el coste adecuado a la utilizaci\u00f3n que hagas&nbsp;<a href=\"https:\/\/dnx.es\/dnx\/para-quien\/\" class=\"read-more\">Seguir leyendo<\/a><\/p>\n","protected":false},"author":2,"featured_media":0,"parent":0,"menu_order":0,"comment_status":"closed","ping_status":"closed","template":"page-fullwidth.php","meta":{"footnotes":""},"_links":{"self":[{"href":"https:\/\/dnx.es\/dnx\/wp-json\/wp\/v2\/pages\/2316"}],"collection":[{"href":"https:\/\/dnx.es\/dnx\/wp-json\/wp\/v2\/pages"}],"about":[{"href":"https:\/\/dnx.es\/dnx\/wp-json\/wp\/v2\/types\/page"}],"author":[{"embeddable":true,"href":"https:\/\/dnx.es\/dnx\/wp-json\/wp\/v2\/users\/2"}],"replies":[{"embeddable":true,"href":"https:\/\/dnx.es\/dnx\/wp-json\/wp\/v2\/comments?post=2316"}],"version-history":[{"count":13,"href":"https:\/\/dnx.es\/dnx\/wp-json\/wp\/v2\/pages\/2316\/revisions"}],"predecessor-version":[{"id":3182,"href":"https:\/\/dnx.es\/dnx\/wp-json\/wp\/v2\/pages\/2316\/revisions\/3182"}],"wp:attachment":[{"href":"https:\/\/dnx.es\/dnx\/wp-json\/wp\/v2\/media?parent=2316"}],"curies":[{"name":"wp","href":"https:\/\/api.w.org\/{rel}","templated":true}]}}