{"id":2292,"date":"2015-11-19T11:42:15","date_gmt":"2015-11-19T11:42:15","guid":{"rendered":"http:\/\/dnx.es\/dnx\/?page_id=2292"},"modified":"2024-05-10T14:32:27","modified_gmt":"2024-05-10T12:32:27","slug":"quienes-somos","status":"publish","type":"page","link":"https:\/\/dnx.es\/dnx\/quienes-somos\/","title":{"rendered":"\u00bfQUIENES SOMOS?"},"content":{"rendered":"<p><img loading=\"lazy\" decoding=\"async\" class=\"aligncenter size-full wp-image-3168\" src=\"http:\/\/dnx.es\/dnx\/wp-content\/uploads\/2016\/02\/Quienes.jpg\" alt=\"Quienes Somos\" width=\"370\" height=\"144\" srcset=\"https:\/\/dnx.es\/dnx\/wp-content\/uploads\/2016\/02\/Quienes.jpg 370w, https:\/\/dnx.es\/dnx\/wp-content\/uploads\/2016\/02\/Quienes-300x117.jpg 300w\" sizes=\"(max-width: 370px) 100vw, 370px\" \/><div class=\"spacer\"><\/div><!-- .spacer (end) -->\n<h4 style=\"text-align: center;\"><span style=\"color: #1c9e16;\">UN GRUPO DE PROFESIONALES CON AMPLIA EXPERIENCIA EN LA INTEGRACI\u00d3N\u00a0DE TECNOLOG\u00cdA APLICADA A DIVERSOS SECTORES\u00a0PRODUCTIVOS<\/span><\/h4>\n<p style=\"text-align: justify;\"><div class=\"spacer\"><\/div><!-- .spacer (end) -->Departamento de Inform\u00e1tica Externo, S.L. es una empresa fundada en 2006, con capital 100% Espa\u00f1ol.<\/p>\n<p style=\"text-align: justify;\">Lo m\u00e1s importante que te podemos contar sobre nosotros, es que somos unos apasionados de nuestro\u00a0trabajo. Llevamos todas nuestras carreras profesionales viviendo de \u00e9l.<\/p>\n<p style=\"text-align: justify;\">Algunos de nosotros empezamos a trabajar en este sector all\u00e1 por 1981, con procesadores de 8 bits a 1 MHz, 1 KB de RAM y como sistema de almacenamiento masivo, cintas de Cassette.<img loading=\"lazy\" decoding=\"async\" class=\"wp-image-3136 alignright\" src=\"http:\/\/dnx.es\/dnx\/wp-content\/uploads\/2015\/11\/Z80a-300x225.jpg\" alt=\"Z80a\" width=\"355\" height=\"266\" srcset=\"https:\/\/dnx.es\/dnx\/wp-content\/uploads\/2015\/11\/Z80a-300x225.jpg 300w, https:\/\/dnx.es\/dnx\/wp-content\/uploads\/2015\/11\/Z80a-200x150.jpg 200w, https:\/\/dnx.es\/dnx\/wp-content\/uploads\/2015\/11\/Z80a.jpg 640w\" sizes=\"(max-width: 355px) 100vw, 355px\" \/><\/p>\n<p style=\"text-align: justify;\">Sinclair, Osborne, Apple, Amstrad, IBM PC\/XT\/AT\/PS2, Compatibles IBM, 486, Pentium, Multi-Cores, servidores en la nube, dispositivos m\u00f3viles, virtualizaci\u00f3n...<\/p>\n<p style=\"text-align: justify;\">Hemos vivido toda la evoluci\u00f3n de este sector aplicado a la empresa, desde el principio, por eso lo conocemos tan bien.<\/p>\n<p style=\"text-align: justify;\">Empezamos programando\u00a0en lenguaje ensamblador para los microprocesadores Zilog Z80A, seguimos con el dise\u00f1o de programas para\u00a0bases de datos relacionales con DBASE II, III, Clipper, implantamos las primeras versiones servidores de ficheros para oficinas, con Novell Netware 2.11, posteriormente con Windows NT 3.1, sistemas cluster de alta disponiblidad con Windows 2000, Windows Server. Cent OS, Fedora, IOS, Android...<\/p>\n<p style=\"text-align: justify;\">En puestos de trabajo hemos instalado y mantenido equipos con sistemas operativos basados en CP\/M, DOS, Windows, OS X, Linux...<\/p>\n<p style=\"text-align: justify;\">En Internet empezamos en 1994, con conexiones por m\u00f3dem a 14.400 BPS, con Netscape, las primeras p\u00e1ginas Web, los primeros sistemas de correo electr\u00f3nico, proxies...hasta hoy en d\u00eda, que disponemos de nuestros propios servidores que administramos, para ofrecerte todos los servicios que puedas necesitar en Internet\u00a0con un s\u00f3lo interlocutor, de principio a fin. Optimizando al m\u00e1ximo los tiempos de respuesta y minimizando el Downtime.<\/p>\n<p style=\"text-align: justify;\"><img loading=\"lazy\" decoding=\"async\" class=\" wp-image-3138 alignleft\" src=\"http:\/\/dnx.es\/dnx\/wp-content\/uploads\/2015\/11\/Monitorizacion-300x182.gif\" alt=\"Monitorizacion\" width=\"399\" height=\"242\" \/>Las primeras instalaciones de redes locales las instalamos a 10 KBits, con cables coaxiales, comunicaciones por m\u00f3dem multiplexadas...hasta conexiones VPNs, gesti\u00f3n de Firewalls, monitorizaci\u00f3n en tiempo real de los servidores de los clientes, sistemas de alerta temprana para fallos de servicios y equipos...<\/p>\n<p style=\"text-align: justify;\">Todas estas tecnolog\u00edas, las comprendemos y las sabemos utilizar perfectamente, las utilizamos\u00a0todas.<\/p>\n<p style=\"text-align: justify;\">Este amplio y profundo conocimiento de la tecnolog\u00eda, lo ponemos a tu disposici\u00f3n. Para aconsejarte cuales son las tecnolog\u00edas m\u00e1s adecuadas que puedes aplicar y que te pueden ayudar a conseguir m\u00e1s r\u00e1pidamente las metas de tu empresa.<\/p>\n<p style=\"text-align: justify;\">Administramos directamente un parque de equipos y sistemas cr\u00edticos, muy amplio\u00a0y heterog\u00e9neo. Diariamente estamos en contacto con\u00a0diversas\u00a0tecnolog\u00edas y problem\u00e1ticas, lo que nos proporciona una amplia visi\u00f3n y conocimiento de la integraci\u00f3n, y del uso diario de las tecnolog\u00edas en las empresas.<img loading=\"lazy\" decoding=\"async\" class=\" wp-image-2126 alignright\" src=\"http:\/\/dnx.es\/dnx\/wp-content\/uploads\/2015\/10\/page2_pic1-300x162.jpg\" alt=\"page2_pic1\" width=\"396\" height=\"214\" srcset=\"https:\/\/dnx.es\/dnx\/wp-content\/uploads\/2015\/10\/page2_pic1-300x162.jpg 300w, https:\/\/dnx.es\/dnx\/wp-content\/uploads\/2015\/10\/page2_pic1.jpg 370w\" sizes=\"(max-width: 396px) 100vw, 396px\" \/><\/p>\n<p style=\"text-align: justify;\">Colaboramos y prestamos servicios a empresas y profesionales en sectores de la cadena productiva tan diversos como Cabeceras de Grupos de Inversi\u00f3n, Gesti\u00f3n de Grandes Patrimonios Inmobiliarios, Grupos de Servicios Socio-Sanitarios, Centros de Formaci\u00f3n, Institutos de Estudios, Constructoras, Fundaciones, Restaurantes, Estudios de Decoraci\u00f3n, Hoteles, Generaci\u00f3n de Energ\u00eda, Agencias de Viajes, Organizaci\u00f3n de Congresos, Arquitectura, Mutualidades Profesionales, Franquicias y Franquiciados, Tecnol\u00f3gicas, Management de Centros Comerciales y...mucho m\u00e1s.<\/p>\n<p style=\"text-align: justify;\">Para la mayor\u00eda, somos su departamento de inform\u00e1tica (IT). La integraci\u00f3n en su estructura operativa, es total.<\/p>\n<p style=\"text-align: justify;\">Con muchas de las empresas que colaboramos, lo hacemos desde hace mucho tiempo,\u00a0\u00a0algunos desde hace m\u00e1s de 30 a\u00f1os. Por algo ser\u00e1.<div class=\"spacer\"><\/div><!-- .spacer (end) --><div class=\"spacer\"><\/div><!-- .spacer (end) -->\n<h4 style=\"text-align: justify;\"><span style=\"color: #1c9e16;\">\u00bfY POR QU\u00c9\u00a0DNX?<\/span><\/h4>\n<p style=\"text-align: justify;\">Porque cuando decidimos emprender esta empresa, ya \u00e9ramos muy conscientes de la importancia de Internet en los negocios. As\u00ed que empezamos por buscar un nombre de dominio libre, antes de constituir la sociedad.<\/p>\n<p style=\"text-align: justify;\">Quer\u00edamos que fuera corto, m\u00e1ximo de 3 letras, con la terminaci\u00f3n .es porque nuestro \u00e1mbito es\u00a0Espa\u00f1a, que fuera muy\u00a0f\u00e1cil de memorizar, y por supuesto, que tuviera que ver con el objetivo de nuestra\u00a0empresa, ser un\u00a0<strong><span style=\"color: #339966;\">D<\/span><\/strong>epartamento de I<strong><span style=\"color: #339966;\">N<\/span><\/strong>form\u00e1tica E<strong><span style=\"color: #339966;\">X<\/span><\/strong>terno, <strong><span style=\"color: #339966;\">DNX<\/span><\/strong>.<\/p>\n<p style=\"text-align: justify;\">Bueno, ya sabes un poco mejor quienes somos y cual es nuestra experiencia.<\/p>\n<p style=\"text-align: justify;\">Ahora d\u00e9janos contarte\u00a0qu\u00e9 hacemos, para qui\u00e9n, c\u00f3mo, d\u00f3nde, con qu\u00e9 y por cuanto...<div class=\"spacer\"><\/div><!-- .spacer (end) -->\n","protected":false},"excerpt":{"rendered":"<p>UN GRUPO DE PROFESIONALES CON AMPLIA EXPERIENCIA EN LA INTEGRACI\u00d3N\u00a0DE TECNOLOG\u00cdA APLICADA A DIVERSOS SECTORES\u00a0PRODUCTIVOS Departamento de Inform\u00e1tica Externo, S.L. es una empresa fundada en 2006, con capital 100% Espa\u00f1ol. Lo m\u00e1s importante que te podemos contar sobre nosotros, es que somos unos apasionados de nuestro\u00a0trabajo. Llevamos todas nuestras carreras profesionales viviendo de \u00e9l. Algunos de nosotros empezamos a trabajar&nbsp;<a href=\"https:\/\/dnx.es\/dnx\/quienes-somos\/\" class=\"read-more\">Seguir leyendo<\/a><\/p>\n","protected":false},"author":2,"featured_media":0,"parent":0,"menu_order":0,"comment_status":"closed","ping_status":"closed","template":"page-fullwidth.php","meta":{"footnotes":""},"_links":{"self":[{"href":"https:\/\/dnx.es\/dnx\/wp-json\/wp\/v2\/pages\/2292"}],"collection":[{"href":"https:\/\/dnx.es\/dnx\/wp-json\/wp\/v2\/pages"}],"about":[{"href":"https:\/\/dnx.es\/dnx\/wp-json\/wp\/v2\/types\/page"}],"author":[{"embeddable":true,"href":"https:\/\/dnx.es\/dnx\/wp-json\/wp\/v2\/users\/2"}],"replies":[{"embeddable":true,"href":"https:\/\/dnx.es\/dnx\/wp-json\/wp\/v2\/comments?post=2292"}],"version-history":[{"count":94,"href":"https:\/\/dnx.es\/dnx\/wp-json\/wp\/v2\/pages\/2292\/revisions"}],"predecessor-version":[{"id":3289,"href":"https:\/\/dnx.es\/dnx\/wp-json\/wp\/v2\/pages\/2292\/revisions\/3289"}],"wp:attachment":[{"href":"https:\/\/dnx.es\/dnx\/wp-json\/wp\/v2\/media?parent=2292"}],"curies":[{"name":"wp","href":"https:\/\/api.w.org\/{rel}","templated":true}]}}